{"id":168,"date":"2020-02-05T16:16:37","date_gmt":"2020-02-05T16:16:37","guid":{"rendered":"https:\/\/asf-simulation.de\/?page_id=168"},"modified":"2020-03-18T10:01:29","modified_gmt":"2020-03-18T10:01:29","slug":"impressum","status":"publish","type":"page","link":"https:\/\/asf-simulation.de\/?page_id=168","title":{"rendered":"Impressum"},"content":{"rendered":"\t\t<div data-elementor-type=\"wp-page\" data-elementor-id=\"168\" class=\"elementor elementor-168\" data-elementor-settings=\"[]\">\n\t\t\t\t\t\t<div class=\"elementor-inner\">\n\t\t\t\t\t\t\t<div class=\"elementor-section-wrap\">\n\t\t\t\t\t\t\t<section class=\"elementor-section elementor-top-section elementor-element elementor-element-1f431f6 elementor-section-boxed elementor-section-height-default elementor-section-height-default\" data-id=\"1f431f6\" data-element_type=\"section\">\n\t\t\t\t\t\t<div class=\"elementor-container elementor-column-gap-default\">\n\t\t\t\t\t\t\t<div class=\"elementor-row\">\n\t\t\t\t\t<div class=\"elementor-column elementor-col-100 elementor-top-column elementor-element elementor-element-f6dcc60\" data-id=\"f6dcc60\" data-element_type=\"column\">\n\t\t\t<div class=\"elementor-column-wrap elementor-element-populated\">\n\t\t\t\t\t\t\t<div class=\"elementor-widget-wrap\">\n\t\t\t\t\t\t<div class=\"elementor-element elementor-element-dbd4105 elementor-widget elementor-widget-spacer\" data-id=\"dbd4105\" data-element_type=\"widget\" data-widget_type=\"spacer.default\">\n\t\t\t\t<div class=\"elementor-widget-container\">\n\t\t\t\t\t<div class=\"elementor-spacer\">\n\t\t\t<div class=\"elementor-spacer-inner\"><\/div>\n\t\t<\/div>\n\t\t\t\t<\/div>\n\t\t\t\t<\/div>\n\t\t\t\t<div class=\"elementor-element elementor-element-079bf5d elementor-widget elementor-widget-heading\" data-id=\"079bf5d\" data-element_type=\"widget\" data-widget_type=\"heading.default\">\n\t\t\t\t<div class=\"elementor-widget-container\">\n\t\t\t<h1 class=\"elementor-heading-title elementor-size-default\">Impressum<\/h1>\t\t<\/div>\n\t\t\t\t<\/div>\n\t\t\t\t<div class=\"elementor-element elementor-element-a7f16cf elementor-widget elementor-widget-text-editor\" data-id=\"a7f16cf\" data-element_type=\"widget\" data-widget_type=\"text-editor.default\">\n\t\t\t\t<div class=\"elementor-widget-container\">\n\t\t\t\t\t\t\t\t<div class=\"elementor-text-editor elementor-clearfix\">\n\t\t\t\t<p><strong>ASF Simulation<\/strong><br \/>Angewandte Simulationstechnik und Forschungsberatung Ingenieurb\u00fcro Matthias D\u00f6rr<\/p><p><strong>Matthias D\u00f6rr<\/strong><br \/>Henningstra\u00dfe 10<br \/>31840 Hessisch Oldendorf<br \/><a href=\"mailto:mdoerr@asf-simulation.de\">mdoerr@asf-simulation.de<\/a><\/p><p>Telefon: +49 5152 524931<br \/>Mobil: +49 162 3652262<\/p><p>E-Mail: <a href=\"mailto:info@asf-simulation.de\">info@asf-simulation.de<\/a><br \/><br \/>Web: <a href=\"http:\/\/www.asf-simulation.de\/\">www.asf-simulation.de<\/a><\/p>\t\t\t\t\t<\/div>\n\t\t\t\t\t\t<\/div>\n\t\t\t\t<\/div>\n\t\t\t\t<div class=\"elementor-element elementor-element-9466e58 elementor-widget elementor-widget-spacer\" data-id=\"9466e58\" data-element_type=\"widget\" data-widget_type=\"spacer.default\">\n\t\t\t\t<div class=\"elementor-widget-container\">\n\t\t\t\t\t<div class=\"elementor-spacer\">\n\t\t\t<div class=\"elementor-spacer-inner\"><\/div>\n\t\t<\/div>\n\t\t\t\t<\/div>\n\t\t\t\t<\/div>\n\t\t\t\t\t\t<\/div>\n\t\t\t\t\t<\/div>\n\t\t<\/div>\n\t\t\t\t\t\t\t\t<\/div>\n\t\t\t\t\t<\/div>\n\t\t<\/section>\n\t\t\t\t<section class=\"elementor-section elementor-top-section elementor-element elementor-element-245f1da5 elementor-section-boxed elementor-section-height-default elementor-section-height-default\" data-id=\"245f1da5\" data-element_type=\"section\" data-settings=\"{&quot;background_background&quot;:&quot;classic&quot;}\">\n\t\t\t\t\t\t<div class=\"elementor-container elementor-column-gap-default\">\n\t\t\t\t\t\t\t<div class=\"elementor-row\">\n\t\t\t\t\t<div class=\"elementor-column elementor-col-100 elementor-top-column elementor-element elementor-element-524f313d\" data-id=\"524f313d\" data-element_type=\"column\">\n\t\t\t<div class=\"elementor-column-wrap elementor-element-populated\">\n\t\t\t\t\t\t\t<div class=\"elementor-widget-wrap\">\n\t\t\t\t\t\t<div class=\"elementor-element elementor-element-4258bcf8 elementor-widget elementor-widget-attesa-extra-navigation-menu\" data-id=\"4258bcf8\" data-element_type=\"widget\" data-widget_type=\"attesa-extra-navigation-menu.default\">\n\t\t\t\t<div class=\"elementor-widget-container\">\n\t\t\t\t\t\t\t\t<div class=\"attesa-custom-menu\">\r\n\t\t\t\t<div class=\"mainHead\">\r\n\t\t\t\t\t<div class=\"subHead attesa-elementor-menu\">\r\n\t\t\t\t\t\t<button class=\"menu-toggle\" aria-controls=\"primary-menu\" aria-expanded=\"false\" aria-label=\"Menu\">Menu<i class=\"spaceLeft fas fa fa-bars\" aria-hidden=\"true\"><\/i><\/button>\r\n\t\t\t\t\t\t<div class=\"attesa-main-menu-container open_pushmenu\">\r\n\t\t\t\t\t\t\t<div class=\"attesa-close-pushmenu\"><i class=\"fa fa-times-circle-o spaceRight\" aria-hidden=\"true\"><\/i>Close Menu<\/div>\r\n\t\t\t\t\t\t\t<nav id=\"site-navigation\" class=\"main-navigation menustyle_minimal\" >\r\n\t\t\t\t\t\t\t\t<div class=\"menu-footer-menu-container\"><ul id=\"primary-menu\" class=\"menu\"><li id=\"menu-item-173\" class=\"menu-item menu-item-type-post_type menu-item-object-page menu-item-173\"><a href=\"https:\/\/asf-simulation.de\/?page_id=168\">Impressum<\/a><\/li>\n<li id=\"menu-item-172\" class=\"menu-item menu-item-type-post_type menu-item-object-page menu-item-172\"><a href=\"https:\/\/asf-simulation.de\/?page_id=167\">Datenschutz<\/a><\/li>\n<\/ul><\/div>\t\t\t\t\t\t\t<\/nav><!-- #site-navigation -->\r\n\t\t\t\t\t\t<\/div>\r\n\t\t\t\t\t<\/div>\r\n\t\t\t\t<\/div><!-- .mainHead -->\r\n\t\t\t\t\t\t\t<\/div>\r\n\t\t\t\t<\/div>\n\t\t\t\t<\/div>\n\t\t\t\t\t\t<\/div>\n\t\t\t\t\t<\/div>\n\t\t<\/div>\n\t\t\t\t\t\t\t\t<\/div>\n\t\t\t\t\t<\/div>\n\t\t<\/section>\n\t\t\t\t\t\t<\/div>\n\t\t\t\t\t\t<\/div>\n\t\t\t\t\t<\/div>\n\t\t","protected":false},"excerpt":{"rendered":"<p>Impressum ASF SimulationAngewandte Simulationstechnik und Forschungsberatung Ingenieurb\u00fcro Matthias D\u00f6rr Matthias D\u00f6rrHenningstra\u00dfe 1031840 Hessisch Oldendorfmdoerr@asf-simulation.de Telefon: +49 5152 524931Mobil: +49 162 3652262 E-Mail: info@asf-simulation.de Web: www.asf-simulation.de Menu Close Menu Impressum Datenschutz<\/p>\n","protected":false},"author":1,"featured_media":0,"parent":0,"menu_order":0,"comment_status":"closed","ping_status":"closed","template":"","meta":{"footnotes":""},"class_list":["post-168","page","type-page","status-publish","hentry"],"_links":{"self":[{"href":"https:\/\/asf-simulation.de\/index.php?rest_route=\/wp\/v2\/pages\/168","targetHints":{"allow":["GET"]}}],"collection":[{"href":"https:\/\/asf-simulation.de\/index.php?rest_route=\/wp\/v2\/pages"}],"about":[{"href":"https:\/\/asf-simulation.de\/index.php?rest_route=\/wp\/v2\/types\/page"}],"author":[{"embeddable":true,"href":"https:\/\/asf-simulation.de\/index.php?rest_route=\/wp\/v2\/users\/1"}],"replies":[{"embeddable":true,"href":"https:\/\/asf-simulation.de\/index.php?rest_route=%2Fwp%2Fv2%2Fcomments&post=168"}],"version-history":[{"count":7,"href":"https:\/\/asf-simulation.de\/index.php?rest_route=\/wp\/v2\/pages\/168\/revisions"}],"predecessor-version":[{"id":584,"href":"https:\/\/asf-simulation.de\/index.php?rest_route=\/wp\/v2\/pages\/168\/revisions\/584"}],"wp:attachment":[{"href":"https:\/\/asf-simulation.de\/index.php?rest_route=%2Fwp%2Fv2%2Fmedia&parent=168"}],"curies":[{"name":"wp","href":"https:\/\/api.w.org\/{rel}","templated":true}]}}