{"id":244,"date":"2020-02-18T11:34:22","date_gmt":"2020-02-18T11:34:22","guid":{"rendered":"https:\/\/asf-simulation.de\/?page_id=244"},"modified":"2024-11-27T23:52:58","modified_gmt":"2024-11-27T23:52:58","slug":"branchen","status":"publish","type":"page","link":"https:\/\/asf-simulation.de\/?page_id=244","title":{"rendered":"Branchen"},"content":{"rendered":"\t\t<div data-elementor-type=\"wp-page\" data-elementor-id=\"244\" class=\"elementor elementor-244\" data-elementor-settings=\"[]\">\n\t\t\t\t\t\t<div class=\"elementor-inner\">\n\t\t\t\t\t\t\t<div class=\"elementor-section-wrap\">\n\t\t\t\t\t\t\t<section class=\"elementor-section elementor-top-section elementor-element elementor-element-59fcd918 elementor-section-boxed elementor-section-height-default elementor-section-height-default\" data-id=\"59fcd918\" data-element_type=\"section\" data-settings=\"{&quot;background_background&quot;:&quot;classic&quot;,&quot;shape_divider_bottom&quot;:&quot;waves&quot;}\">\n\t\t\t\t\t\t\t<div class=\"elementor-background-overlay\"><\/div>\n\t\t\t\t\t\t<div class=\"elementor-shape elementor-shape-bottom\" data-negative=\"false\">\n\t\t\t<svg xmlns=\"http:\/\/www.w3.org\/2000\/svg\" viewBox=\"0 0 1000 100\" preserveAspectRatio=\"none\">\n\t<path class=\"elementor-shape-fill\" d=\"M421.9,6.5c22.6-2.5,51.5,0.4,75.5,5.3c23.6,4.9,70.9,23.5,100.5,35.7c75.8,32.2,133.7,44.5,192.6,49.7\n\tc23.6,2.1,48.7,3.5,103.4-2.5c54.7-6,106.2-25.6,106.2-25.6V0H0v30.3c0,0,72,32.6,158.4,30.5c39.2-0.7,92.8-6.7,134-22.4\n\tc21.2-8.1,52.2-18.2,79.7-24.2C399.3,7.9,411.6,7.5,421.9,6.5z\"\/>\n<\/svg>\t\t<\/div>\n\t\t\t\t\t<div class=\"elementor-container elementor-column-gap-default\">\n\t\t\t\t\t\t\t<div class=\"elementor-row\">\n\t\t\t\t\t<div class=\"elementor-column elementor-col-100 elementor-top-column elementor-element elementor-element-5f2eb8e5\" data-id=\"5f2eb8e5\" data-element_type=\"column\">\n\t\t\t<div class=\"elementor-column-wrap elementor-element-populated\">\n\t\t\t\t\t\t\t<div class=\"elementor-widget-wrap\">\n\t\t\t\t\t\t<div class=\"elementor-element elementor-element-5b130f32 elementor-widget elementor-widget-heading\" data-id=\"5b130f32\" data-element_type=\"widget\" data-widget_type=\"heading.default\">\n\t\t\t\t<div class=\"elementor-widget-container\">\n\t\t\t<h2 class=\"elementor-heading-title elementor-size-default\">Branchen<\/h2>\t\t<\/div>\n\t\t\t\t<\/div>\n\t\t\t\t\t\t<\/div>\n\t\t\t\t\t<\/div>\n\t\t<\/div>\n\t\t\t\t\t\t\t\t<\/div>\n\t\t\t\t\t<\/div>\n\t\t<\/section>\n\t\t\t\t<section class=\"elementor-section elementor-top-section elementor-element elementor-element-f640a48 elementor-section-boxed elementor-section-height-default elementor-section-height-default\" data-id=\"f640a48\" data-element_type=\"section\">\n\t\t\t\t\t\t<div class=\"elementor-container elementor-column-gap-default\">\n\t\t\t\t\t\t\t<div class=\"elementor-row\">\n\t\t\t\t\t<div class=\"elementor-column elementor-col-100 elementor-top-column elementor-element elementor-element-bcd3158\" data-id=\"bcd3158\" data-element_type=\"column\">\n\t\t\t<div class=\"elementor-column-wrap elementor-element-populated\">\n\t\t\t\t\t\t\t<div class=\"elementor-widget-wrap\">\n\t\t\t\t\t\t<div class=\"elementor-element elementor-element-a2ac60c elementor-widget elementor-widget-spacer\" data-id=\"a2ac60c\" data-element_type=\"widget\" data-widget_type=\"spacer.default\">\n\t\t\t\t<div class=\"elementor-widget-container\">\n\t\t\t\t\t<div class=\"elementor-spacer\">\n\t\t\t<div class=\"elementor-spacer-inner\"><\/div>\n\t\t<\/div>\n\t\t\t\t<\/div>\n\t\t\t\t<\/div>\n\t\t\t\t<div class=\"elementor-element elementor-element-7b9a5c6 elementor-widget elementor-widget-text-editor\" data-id=\"7b9a5c6\" data-element_type=\"widget\" data-widget_type=\"text-editor.default\">\n\t\t\t\t<div class=\"elementor-widget-container\">\n\t\t\t\t\t\t\t\t<div class=\"elementor-text-editor elementor-clearfix\">\n\t\t\t\t<p>Unsere treffsicheren statischen und dynamischen Simulationen decken prozesstechnische Reserven auf, die oftmals gr\u00f6\u00dfere Investitionen durch gezielte Optimierung verhindern und Betriebskosten nachhaltig senken.<\/p>\t\t\t\t\t<\/div>\n\t\t\t\t\t\t<\/div>\n\t\t\t\t<\/div>\n\t\t\t\t<div class=\"elementor-element elementor-element-7a57ac7 elementor-widget elementor-widget-toggle\" data-id=\"7a57ac7\" data-element_type=\"widget\" data-widget_type=\"toggle.default\">\n\t\t\t\t<div class=\"elementor-widget-container\">\n\t\t\t\t\t<div class=\"elementor-toggle\" role=\"tablist\">\n\t\t\t\t\t\t\t<div class=\"elementor-toggle-item\">\n\t\t\t\t\t<div id=\"elementor-tab-title-1281\" class=\"elementor-tab-title\" data-tab=\"1\" role=\"tab\" aria-controls=\"elementor-tab-content-1281\" aria-expanded=\"false\">\n\t\t\t\t\t\t\t\t\t\t\t\t<span class=\"elementor-toggle-icon elementor-toggle-icon-left\" aria-hidden=\"true\">\n\t\t\t\t\t\t\t\t\t\t\t\t\t\t\t<span class=\"elementor-toggle-icon-closed\"><i class=\"fas fa-caret-right\"><\/i><\/span>\n\t\t\t\t\t\t\t\t<span class=\"elementor-toggle-icon-opened\"><i class=\"elementor-toggle-icon-opened fas fa-caret-up\"><\/i><\/span>\n\t\t\t\t\t\t\t\t\t\t\t\t\t<\/span>\n\t\t\t\t\t\t\t\t\t\t\t\t<a href=\"\" class=\"elementor-toggle-title\">Verfahrenstechnik<\/a>\n\t\t\t\t\t<\/div>\n\n\t\t\t\t\t<div id=\"elementor-tab-content-1281\" class=\"elementor-tab-content elementor-clearfix\" data-tab=\"1\" role=\"tabpanel\" aria-labelledby=\"elementor-tab-title-1281\"><p><img loading=\"lazy\" decoding=\"async\" class=\"size-medium wp-image-190 alignright\" src=\"https:\/\/1226.se-crossmedia.net\/wp-content\/uploads\/2020\/02\/Branchen-300x164.png\" alt=\"\" width=\"300\" height=\"164\" srcset=\"https:\/\/asf-simulation.de\/wp-content\/uploads\/2020\/02\/Branchen-300x164.png 300w, https:\/\/asf-simulation.de\/wp-content\/uploads\/2020\/02\/Branchen.png 314w\" sizes=\"auto, (max-width: 300px) 100vw, 300px\" \/><\/p><ul><li>Spr\u00fchtrockner, Gasw\u00e4scher<\/li><li>DaGaVo, WaGaVo<\/li><li>Tropfenabscheider<\/li><li>chemische Reaktionen, Verbrennungsvorg\u00e4nge<\/li><li>Wirbelschichtverfahren<\/li><li>M\u00fcllverbrennung, Kl\u00e4rschlammverbrennung<\/li><li>W\u00e4rme\u00fcbertrager<\/li><li>Fliehkraftabscheider, Zyklone, Windsichter<\/li><li>Schlauchfilter, Taschenfilter<\/li><\/ul><\/div>\n\t\t\t\t<\/div>\n\t\t\t\t\t\t\t<div class=\"elementor-toggle-item\">\n\t\t\t\t\t<div id=\"elementor-tab-title-1282\" class=\"elementor-tab-title\" data-tab=\"2\" role=\"tab\" aria-controls=\"elementor-tab-content-1282\" aria-expanded=\"false\">\n\t\t\t\t\t\t\t\t\t\t\t\t<span class=\"elementor-toggle-icon elementor-toggle-icon-left\" aria-hidden=\"true\">\n\t\t\t\t\t\t\t\t\t\t\t\t\t\t\t<span class=\"elementor-toggle-icon-closed\"><i class=\"fas fa-caret-right\"><\/i><\/span>\n\t\t\t\t\t\t\t\t<span class=\"elementor-toggle-icon-opened\"><i class=\"elementor-toggle-icon-opened fas fa-caret-up\"><\/i><\/span>\n\t\t\t\t\t\t\t\t\t\t\t\t\t<\/span>\n\t\t\t\t\t\t\t\t\t\t\t\t<a href=\"\" class=\"elementor-toggle-title\">Str\u00f6mungsmaschinen<\/a>\n\t\t\t\t\t<\/div>\n\n\t\t\t\t\t<div id=\"elementor-tab-content-1282\" class=\"elementor-tab-content elementor-clearfix\" data-tab=\"2\" role=\"tabpanel\" aria-labelledby=\"elementor-tab-title-1282\"><ul><li>Konstruktion und Optimierung von Pumpen, Ventilatoren, Turbinen<img loading=\"lazy\" decoding=\"async\" class=\"size-full wp-image-201 alignright\" src=\"https:\/\/asf-simulation.de\/wp-content\/uploads\/2020\/02\/Leistung1.png\" alt=\"\" width=\"314\" height=\"172\" \/><\/li><li>Druckverlustminimierung<\/li><li>Wirkungsgradoptimierung<\/li><\/ul><\/div>\n\t\t\t\t<\/div>\n\t\t\t\t\t\t\t<div class=\"elementor-toggle-item\">\n\t\t\t\t\t<div id=\"elementor-tab-title-1283\" class=\"elementor-tab-title\" data-tab=\"3\" role=\"tab\" aria-controls=\"elementor-tab-content-1283\" aria-expanded=\"false\">\n\t\t\t\t\t\t\t\t\t\t\t\t<span class=\"elementor-toggle-icon elementor-toggle-icon-left\" aria-hidden=\"true\">\n\t\t\t\t\t\t\t\t\t\t\t\t\t\t\t<span class=\"elementor-toggle-icon-closed\"><i class=\"fas fa-caret-right\"><\/i><\/span>\n\t\t\t\t\t\t\t\t<span class=\"elementor-toggle-icon-opened\"><i class=\"elementor-toggle-icon-opened fas fa-caret-up\"><\/i><\/span>\n\t\t\t\t\t\t\t\t\t\t\t\t\t<\/span>\n\t\t\t\t\t\t\t\t\t\t\t\t<a href=\"\" class=\"elementor-toggle-title\">Maschinenbau\/Anlagenbau<\/a>\n\t\t\t\t\t<\/div>\n\n\t\t\t\t\t<div id=\"elementor-tab-content-1283\" class=\"elementor-tab-content elementor-clearfix\" data-tab=\"3\" role=\"tabpanel\" aria-labelledby=\"elementor-tab-title-1283\"><p><span class=\"ILfuVd\"><span class=\"hgKElc\"><img loading=\"lazy\" decoding=\"async\" class=\"wp-image-624 size-medium alignright\" src=\"https:\/\/asf-simulation.de\/wp-content\/uploads\/2020\/03\/Schlauchfilter001-300x150.jpg\" alt=\"\" width=\"300\" height=\"150\" srcset=\"https:\/\/asf-simulation.de\/wp-content\/uploads\/2020\/03\/Schlauchfilter001-300x150.jpg 300w, https:\/\/asf-simulation.de\/wp-content\/uploads\/2020\/03\/Schlauchfilter001-1024x512.jpg 1024w, https:\/\/asf-simulation.de\/wp-content\/uploads\/2020\/03\/Schlauchfilter001-768x384.jpg 768w, https:\/\/asf-simulation.de\/wp-content\/uploads\/2020\/03\/Schlauchfilter001-1536x768.jpg 1536w, https:\/\/asf-simulation.de\/wp-content\/uploads\/2020\/03\/Schlauchfilter001-2048x1024.jpg 2048w, https:\/\/asf-simulation.de\/wp-content\/uploads\/2020\/03\/Schlauchfilter001-1920x960.jpg 1920w, https:\/\/asf-simulation.de\/wp-content\/uploads\/2020\/03\/Schlauchfilter001-850x425.jpg 850w\" sizes=\"auto, (max-width: 300px) 100vw, 300px\" \/><\/span><\/span><\/p><ul><li>Basic- und Detail-Engineering<\/li><li>Festigkeitsnachweise nach AD 2000, Eurocode 3, FKM-Richtlinie, IIW-Empfehlungen<\/li><li>FEM-Berechnungen, Strukturmechanik, Schwingungsanalysen, HCF-Analysen<\/li><li>Modalanalysen<\/li><li>Schwei\u00dfnahtberechnungen, Hot-Spot-Methode, ATEX<\/li><li>Windlasten nach DIN 1055, UBC 1997<\/li><li>Erdbebenlasten nach DIN 4149, UBC 1997, NCR<\/li><li>Rohrleitungslasten aus W\u00e4rmedehnungen und Eigengewicht<\/li><\/ul><\/div>\n\t\t\t\t<\/div>\n\t\t\t\t\t\t\t<div class=\"elementor-toggle-item\">\n\t\t\t\t\t<div id=\"elementor-tab-title-1284\" class=\"elementor-tab-title\" data-tab=\"4\" role=\"tab\" aria-controls=\"elementor-tab-content-1284\" aria-expanded=\"false\">\n\t\t\t\t\t\t\t\t\t\t\t\t<span class=\"elementor-toggle-icon elementor-toggle-icon-left\" aria-hidden=\"true\">\n\t\t\t\t\t\t\t\t\t\t\t\t\t\t\t<span class=\"elementor-toggle-icon-closed\"><i class=\"fas fa-caret-right\"><\/i><\/span>\n\t\t\t\t\t\t\t\t<span class=\"elementor-toggle-icon-opened\"><i class=\"elementor-toggle-icon-opened fas fa-caret-up\"><\/i><\/span>\n\t\t\t\t\t\t\t\t\t\t\t\t\t<\/span>\n\t\t\t\t\t\t\t\t\t\t\t\t<a href=\"\" class=\"elementor-toggle-title\">Umwelttechnik<\/a>\n\t\t\t\t\t<\/div>\n\n\t\t\t\t\t<div id=\"elementor-tab-content-1284\" class=\"elementor-tab-content elementor-clearfix\" data-tab=\"4\" role=\"tabpanel\" aria-labelledby=\"elementor-tab-title-1284\"><p><img loading=\"lazy\" decoding=\"async\" class=\"alignright\" src=\"https:\/\/asf-simulation.de\/wp-content\/uploads\/2020\/02\/Leistung2-300x164.png\" alt=\"\" width=\"300\" height=\"164\" \/><\/p><ul><li>Ultraschall Durchflussmessung, Laufzeitverfahren, Positionierung der Messsonden<\/li><li>Immissionsschutz nach BImSchG\/BImSchV, TA Luft<\/li><li>Abgasreinigung (REA)<\/li><li>Rauchgasverteilung, Feinstaubverteilung<\/li><li>Siedlungswasserwirtschaft, Wasserbau<\/li><li>Geb\u00e4udetechnik<\/li><li>Geb\u00e4udeenergiebedarf, EEG<\/li><li>Hallenabsaugung, Entstaubung<\/li><li>Brandschutz<\/li><li>Schadensermittlung, Brandsimulation<\/li><\/ul><\/div>\n\t\t\t\t<\/div>\n\t\t\t\t\t\t\t<div class=\"elementor-toggle-item\">\n\t\t\t\t\t<div id=\"elementor-tab-title-1285\" class=\"elementor-tab-title\" data-tab=\"5\" role=\"tab\" aria-controls=\"elementor-tab-content-1285\" aria-expanded=\"false\">\n\t\t\t\t\t\t\t\t\t\t\t\t<span class=\"elementor-toggle-icon elementor-toggle-icon-left\" aria-hidden=\"true\">\n\t\t\t\t\t\t\t\t\t\t\t\t\t\t\t<span class=\"elementor-toggle-icon-closed\"><i class=\"fas fa-caret-right\"><\/i><\/span>\n\t\t\t\t\t\t\t\t<span class=\"elementor-toggle-icon-opened\"><i class=\"elementor-toggle-icon-opened fas fa-caret-up\"><\/i><\/span>\n\t\t\t\t\t\t\t\t\t\t\t\t\t<\/span>\n\t\t\t\t\t\t\t\t\t\t\t\t<a href=\"\" class=\"elementor-toggle-title\">Lebensmitteltechnologie<\/a>\n\t\t\t\t\t<\/div>\n\n\t\t\t\t\t<div id=\"elementor-tab-content-1285\" class=\"elementor-tab-content elementor-clearfix\" data-tab=\"5\" role=\"tabpanel\" aria-labelledby=\"elementor-tab-title-1285\"><p><img loading=\"lazy\" decoding=\"async\" class=\"size-medium wp-image-191 alignright\" src=\"https:\/\/1226.se-crossmedia.net\/wp-content\/uploads\/2020\/02\/Branchen2-300x164.png\" alt=\"\" width=\"300\" height=\"164\" srcset=\"https:\/\/asf-simulation.de\/wp-content\/uploads\/2020\/02\/Branchen2-300x164.png 300w, https:\/\/asf-simulation.de\/wp-content\/uploads\/2020\/02\/Branchen2.png 314w\" sizes=\"auto, (max-width: 300px) 100vw, 300px\" \/><\/p><ul><li>Sterilisation mit Hei\u00dfdampf<\/li><li>Keimausbreitung\/Eind\u00e4mmung<\/li><\/ul><\/div>\n\t\t\t\t<\/div>\n\t\t\t\t\t\t\t<div class=\"elementor-toggle-item\">\n\t\t\t\t\t<div id=\"elementor-tab-title-1286\" class=\"elementor-tab-title\" data-tab=\"6\" role=\"tab\" aria-controls=\"elementor-tab-content-1286\" aria-expanded=\"false\">\n\t\t\t\t\t\t\t\t\t\t\t\t<span class=\"elementor-toggle-icon elementor-toggle-icon-left\" aria-hidden=\"true\">\n\t\t\t\t\t\t\t\t\t\t\t\t\t\t\t<span class=\"elementor-toggle-icon-closed\"><i class=\"fas fa-caret-right\"><\/i><\/span>\n\t\t\t\t\t\t\t\t<span class=\"elementor-toggle-icon-opened\"><i class=\"elementor-toggle-icon-opened fas fa-caret-up\"><\/i><\/span>\n\t\t\t\t\t\t\t\t\t\t\t\t\t<\/span>\n\t\t\t\t\t\t\t\t\t\t\t\t<a href=\"\" class=\"elementor-toggle-title\">Geothermie<\/a>\n\t\t\t\t\t<\/div>\n\n\t\t\t\t\t<div id=\"elementor-tab-content-1286\" class=\"elementor-tab-content elementor-clearfix\" data-tab=\"6\" role=\"tabpanel\" aria-labelledby=\"elementor-tab-title-1286\"><p><img loading=\"lazy\" decoding=\"async\" class=\"wp-image-1754 size-medium alignright\" src=\"https:\/\/asf-simulation.de\/wp-content\/uploads\/2024\/11\/close-up-heat-pump-outside-home002-300x150.png\" alt=\"\" width=\"300\" height=\"150\" srcset=\"https:\/\/asf-simulation.de\/wp-content\/uploads\/2024\/11\/close-up-heat-pump-outside-home002-300x150.png 300w, https:\/\/asf-simulation.de\/wp-content\/uploads\/2024\/11\/close-up-heat-pump-outside-home002-768x384.png 768w, https:\/\/asf-simulation.de\/wp-content\/uploads\/2024\/11\/close-up-heat-pump-outside-home002.png 799w\" sizes=\"auto, (max-width: 300px) 100vw, 300px\" \/><\/p><ul><li><strong>Numerische Auslegung<\/strong> f\u00fcr flache und tiefe Erdw\u00e4rmesonden.<\/li><li><strong>Simulation der Entzugsleistung<\/strong> und des langfristigen Betriebs.<\/li><li><strong>Ber\u00fccksichtigung variabler Flie\u00dfraten, Temperaturen<\/strong> und jahreszeitlicher Zyklen.<\/li><li><strong>Modellierung heterogener Untergr\u00fcnde<\/strong> und <strong>Grundwasserstr\u00f6mung<\/strong>.<\/li><li><strong>Leistungsanalyse<\/strong> f\u00fcr nichtkonventionelle W\u00e4rmetauscher<\/li><\/ul><\/div>\n\t\t\t\t<\/div>\n\t\t\t\t\t\t\t<div class=\"elementor-toggle-item\">\n\t\t\t\t\t<div id=\"elementor-tab-title-1287\" class=\"elementor-tab-title\" data-tab=\"7\" role=\"tab\" aria-controls=\"elementor-tab-content-1287\" aria-expanded=\"false\">\n\t\t\t\t\t\t\t\t\t\t\t\t<span class=\"elementor-toggle-icon elementor-toggle-icon-left\" aria-hidden=\"true\">\n\t\t\t\t\t\t\t\t\t\t\t\t\t\t\t<span class=\"elementor-toggle-icon-closed\"><i class=\"fas fa-caret-right\"><\/i><\/span>\n\t\t\t\t\t\t\t\t<span class=\"elementor-toggle-icon-opened\"><i class=\"elementor-toggle-icon-opened fas fa-caret-up\"><\/i><\/span>\n\t\t\t\t\t\t\t\t\t\t\t\t\t<\/span>\n\t\t\t\t\t\t\t\t\t\t\t\t<a href=\"\" class=\"elementor-toggle-title\">Elektrotechnik<\/a>\n\t\t\t\t\t<\/div>\n\n\t\t\t\t\t<div id=\"elementor-tab-content-1287\" class=\"elementor-tab-content elementor-clearfix\" data-tab=\"7\" role=\"tabpanel\" aria-labelledby=\"elementor-tab-title-1287\"><p><img loading=\"lazy\" decoding=\"async\" class=\"alignright wp-image-1750 size-medium\" src=\"https:\/\/asf-simulation.de\/wp-content\/uploads\/2024\/11\/leiterplattennahaufnahme-mit-verschiedenen-komponenten_23-2149174315klein-300x150.jpg\" alt=\"\" width=\"300\" height=\"150\" srcset=\"https:\/\/asf-simulation.de\/wp-content\/uploads\/2024\/11\/leiterplattennahaufnahme-mit-verschiedenen-komponenten_23-2149174315klein-300x150.jpg 300w, https:\/\/asf-simulation.de\/wp-content\/uploads\/2024\/11\/leiterplattennahaufnahme-mit-verschiedenen-komponenten_23-2149174315klein.jpg 600w\" sizes=\"auto, (max-width: 300px) 100vw, 300px\" \/><\/p><ul><li>elektrische und magnetische Felder<\/li><li data-wp-editing=\"1\"><p>K\u00fchlung elektrischer und elektronischer Bauteile<\/p><\/li><\/ul><\/div>\n\t\t\t\t<\/div>\n\t\t\t\t\t\t\t\t<\/div>\n\t\t\t\t<\/div>\n\t\t\t\t<\/div>\n\t\t\t\t<div class=\"elementor-element elementor-element-459fc47 elementor-widget elementor-widget-text-editor\" data-id=\"459fc47\" data-element_type=\"widget\" data-widget_type=\"text-editor.default\">\n\t\t\t\t<div class=\"elementor-widget-container\">\n\t\t\t\t\t\t\t\t<div class=\"elementor-text-editor elementor-clearfix\">\n\t\t\t\t<p>Fordern Sie unsere Referenzliste zu Projekten mit CFD-Simulation und FEM gerne an!<\/p>\t\t\t\t\t<\/div>\n\t\t\t\t\t\t<\/div>\n\t\t\t\t<\/div>\n\t\t\t\t\t\t<\/div>\n\t\t\t\t\t<\/div>\n\t\t<\/div>\n\t\t\t\t\t\t\t\t<\/div>\n\t\t\t\t\t<\/div>\n\t\t<\/section>\n\t\t\t\t<section class=\"elementor-section elementor-top-section elementor-element elementor-element-4e935a6 elementor-section-boxed elementor-section-height-default elementor-section-height-default\" data-id=\"4e935a6\" data-element_type=\"section\">\n\t\t\t\t\t\t<div class=\"elementor-container elementor-column-gap-default\">\n\t\t\t\t\t\t\t<div class=\"elementor-row\">\n\t\t\t\t\t<div class=\"elementor-column elementor-col-100 elementor-top-column elementor-element elementor-element-6a97f84\" data-id=\"6a97f84\" data-element_type=\"column\">\n\t\t\t<div class=\"elementor-column-wrap elementor-element-populated\">\n\t\t\t\t\t\t\t<div class=\"elementor-widget-wrap\">\n\t\t\t\t\t\t<div class=\"elementor-element elementor-element-ed4ca39 elementor-widget elementor-widget-spacer\" data-id=\"ed4ca39\" data-element_type=\"widget\" data-widget_type=\"spacer.default\">\n\t\t\t\t<div class=\"elementor-widget-container\">\n\t\t\t\t\t<div class=\"elementor-spacer\">\n\t\t\t<div class=\"elementor-spacer-inner\"><\/div>\n\t\t<\/div>\n\t\t\t\t<\/div>\n\t\t\t\t<\/div>\n\t\t\t\t\t\t<\/div>\n\t\t\t\t\t<\/div>\n\t\t<\/div>\n\t\t\t\t\t\t\t\t<\/div>\n\t\t\t\t\t<\/div>\n\t\t<\/section>\n\t\t\t\t<section class=\"elementor-section elementor-top-section elementor-element elementor-element-5af10a46 elementor-section-boxed elementor-section-height-default elementor-section-height-default\" data-id=\"5af10a46\" data-element_type=\"section\" data-settings=\"{&quot;background_background&quot;:&quot;classic&quot;}\">\n\t\t\t\t\t\t<div class=\"elementor-container elementor-column-gap-default\">\n\t\t\t\t\t\t\t<div class=\"elementor-row\">\n\t\t\t\t\t<div class=\"elementor-column elementor-col-100 elementor-top-column elementor-element elementor-element-38b5faff\" data-id=\"38b5faff\" data-element_type=\"column\">\n\t\t\t<div class=\"elementor-column-wrap elementor-element-populated\">\n\t\t\t\t\t\t\t<div class=\"elementor-widget-wrap\">\n\t\t\t\t\t\t<div class=\"elementor-element elementor-element-1ce3ce2c elementor-widget elementor-widget-attesa-extra-navigation-menu\" data-id=\"1ce3ce2c\" data-element_type=\"widget\" data-widget_type=\"attesa-extra-navigation-menu.default\">\n\t\t\t\t<div class=\"elementor-widget-container\">\n\t\t\t\t\t\t\t\t<div class=\"attesa-custom-menu\">\r\n\t\t\t\t<div class=\"mainHead\">\r\n\t\t\t\t\t<div class=\"subHead attesa-elementor-menu\">\r\n\t\t\t\t\t\t<button class=\"menu-toggle\" aria-controls=\"primary-menu\" aria-expanded=\"false\" aria-label=\"Menu\">Menu<i class=\"spaceLeft fas fa fa-bars\" aria-hidden=\"true\"><\/i><\/button>\r\n\t\t\t\t\t\t<div class=\"attesa-main-menu-container open_pushmenu\">\r\n\t\t\t\t\t\t\t<div class=\"attesa-close-pushmenu\"><i class=\"fa fa-times-circle-o spaceRight\" aria-hidden=\"true\"><\/i>Close Menu<\/div>\r\n\t\t\t\t\t\t\t<nav id=\"site-navigation\" class=\"main-navigation menustyle_minimal\" >\r\n\t\t\t\t\t\t\t\t<div class=\"menu-footer-menu-container\"><ul id=\"primary-menu\" class=\"menu\"><li id=\"menu-item-173\" class=\"menu-item menu-item-type-post_type menu-item-object-page menu-item-173\"><a href=\"https:\/\/asf-simulation.de\/?page_id=168\">Impressum<\/a><\/li>\n<li id=\"menu-item-172\" class=\"menu-item menu-item-type-post_type menu-item-object-page menu-item-172\"><a href=\"https:\/\/asf-simulation.de\/?page_id=167\">Datenschutz<\/a><\/li>\n<\/ul><\/div>\t\t\t\t\t\t\t<\/nav><!-- #site-navigation -->\r\n\t\t\t\t\t\t<\/div>\r\n\t\t\t\t\t<\/div>\r\n\t\t\t\t<\/div><!-- .mainHead -->\r\n\t\t\t\t\t\t\t<\/div>\r\n\t\t\t\t<\/div>\n\t\t\t\t<\/div>\n\t\t\t\t\t\t<\/div>\n\t\t\t\t\t<\/div>\n\t\t<\/div>\n\t\t\t\t\t\t\t\t<\/div>\n\t\t\t\t\t<\/div>\n\t\t<\/section>\n\t\t\t\t\t\t<\/div>\n\t\t\t\t\t\t<\/div>\n\t\t\t\t\t<\/div>\n\t\t","protected":false},"excerpt":{"rendered":"<p>Branchen Unsere treffsicheren statischen und dynamischen Simulationen decken prozesstechnische Reserven auf, die oftmals gr\u00f6\u00dfere Investitionen durch gezielte Optimierung verhindern und Betriebskosten nachhaltig senken. Verfahrenstechnik Spr\u00fchtrockner, Gasw\u00e4scher DaGaVo, WaGaVo Tropfenabscheider chemische Reaktionen, Verbrennungsvorg\u00e4nge Wirbelschichtverfahren M\u00fcllverbrennung, Kl\u00e4rschlammverbrennung W\u00e4rme\u00fcbertrager Fliehkraftabscheider, Zyklone, Windsichter Schlauchfilter, Taschenfilter Str\u00f6mungsmaschinen Konstruktion und Optimierung von Pumpen, Ventilatoren, Turbinen Druckverlustminimierung Wirkungsgradoptimierung Maschinenbau\/Anlagenbau Basic- und Detail-Engineering&hellip;<\/p>\n","protected":false},"author":1,"featured_media":0,"parent":0,"menu_order":0,"comment_status":"closed","ping_status":"closed","template":"","meta":{"footnotes":""},"class_list":["post-244","page","type-page","status-publish","hentry"],"_links":{"self":[{"href":"https:\/\/asf-simulation.de\/index.php?rest_route=\/wp\/v2\/pages\/244","targetHints":{"allow":["GET"]}}],"collection":[{"href":"https:\/\/asf-simulation.de\/index.php?rest_route=\/wp\/v2\/pages"}],"about":[{"href":"https:\/\/asf-simulation.de\/index.php?rest_route=\/wp\/v2\/types\/page"}],"author":[{"embeddable":true,"href":"https:\/\/asf-simulation.de\/index.php?rest_route=\/wp\/v2\/users\/1"}],"replies":[{"embeddable":true,"href":"https:\/\/asf-simulation.de\/index.php?rest_route=%2Fwp%2Fv2%2Fcomments&post=244"}],"version-history":[{"count":88,"href":"https:\/\/asf-simulation.de\/index.php?rest_route=\/wp\/v2\/pages\/244\/revisions"}],"predecessor-version":[{"id":1760,"href":"https:\/\/asf-simulation.de\/index.php?rest_route=\/wp\/v2\/pages\/244\/revisions\/1760"}],"wp:attachment":[{"href":"https:\/\/asf-simulation.de\/index.php?rest_route=%2Fwp%2Fv2%2Fmedia&parent=244"}],"curies":[{"name":"wp","href":"https:\/\/api.w.org\/{rel}","templated":true}]}}