{"id":306,"date":"2020-02-18T17:10:19","date_gmt":"2020-02-18T17:10:19","guid":{"rendered":"https:\/\/asf-simulation.de\/?page_id=306"},"modified":"2024-11-26T22:37:24","modified_gmt":"2024-11-26T22:37:24","slug":"forschung","status":"publish","type":"page","link":"https:\/\/asf-simulation.de\/?page_id=306","title":{"rendered":"Forschungsberatung"},"content":{"rendered":"\t\t<div data-elementor-type=\"wp-page\" data-elementor-id=\"306\" class=\"elementor elementor-306\" data-elementor-settings=\"[]\">\n\t\t\t\t\t\t<div class=\"elementor-inner\">\n\t\t\t\t\t\t\t<div class=\"elementor-section-wrap\">\n\t\t\t\t\t\t\t<section class=\"elementor-section elementor-top-section elementor-element elementor-element-6d6666e8 elementor-section-boxed elementor-section-height-default elementor-section-height-default\" data-id=\"6d6666e8\" data-element_type=\"section\" data-settings=\"{&quot;background_background&quot;:&quot;classic&quot;,&quot;shape_divider_bottom&quot;:&quot;waves&quot;}\">\n\t\t\t\t\t\t\t<div class=\"elementor-background-overlay\"><\/div>\n\t\t\t\t\t\t<div class=\"elementor-shape elementor-shape-bottom\" data-negative=\"false\">\n\t\t\t<svg xmlns=\"http:\/\/www.w3.org\/2000\/svg\" viewBox=\"0 0 1000 100\" preserveAspectRatio=\"none\">\n\t<path class=\"elementor-shape-fill\" d=\"M421.9,6.5c22.6-2.5,51.5,0.4,75.5,5.3c23.6,4.9,70.9,23.5,100.5,35.7c75.8,32.2,133.7,44.5,192.6,49.7\n\tc23.6,2.1,48.7,3.5,103.4-2.5c54.7-6,106.2-25.6,106.2-25.6V0H0v30.3c0,0,72,32.6,158.4,30.5c39.2-0.7,92.8-6.7,134-22.4\n\tc21.2-8.1,52.2-18.2,79.7-24.2C399.3,7.9,411.6,7.5,421.9,6.5z\"\/>\n<\/svg>\t\t<\/div>\n\t\t\t\t\t<div class=\"elementor-container elementor-column-gap-default\">\n\t\t\t\t\t\t\t<div class=\"elementor-row\">\n\t\t\t\t\t<div class=\"elementor-column elementor-col-100 elementor-top-column elementor-element elementor-element-6cede873\" data-id=\"6cede873\" data-element_type=\"column\">\n\t\t\t<div class=\"elementor-column-wrap elementor-element-populated\">\n\t\t\t\t\t\t\t<div class=\"elementor-widget-wrap\">\n\t\t\t\t\t\t<div class=\"elementor-element elementor-element-75679e51 elementor-widget elementor-widget-heading\" data-id=\"75679e51\" data-element_type=\"widget\" data-widget_type=\"heading.default\">\n\t\t\t\t<div class=\"elementor-widget-container\">\n\t\t\t<h2 class=\"elementor-heading-title elementor-size-default\">Forschungsberatung<\/h2>\t\t<\/div>\n\t\t\t\t<\/div>\n\t\t\t\t\t\t<\/div>\n\t\t\t\t\t<\/div>\n\t\t<\/div>\n\t\t\t\t\t\t\t\t<\/div>\n\t\t\t\t\t<\/div>\n\t\t<\/section>\n\t\t\t\t<section class=\"elementor-section elementor-top-section elementor-element elementor-element-a1aab6b elementor-section-boxed elementor-section-height-default elementor-section-height-default\" data-id=\"a1aab6b\" data-element_type=\"section\">\n\t\t\t\t\t\t<div class=\"elementor-container elementor-column-gap-default\">\n\t\t\t\t\t\t\t<div class=\"elementor-row\">\n\t\t\t\t\t<div class=\"elementor-column elementor-col-100 elementor-top-column elementor-element elementor-element-4c2c38a\" data-id=\"4c2c38a\" data-element_type=\"column\">\n\t\t\t<div class=\"elementor-column-wrap elementor-element-populated\">\n\t\t\t\t\t\t\t<div class=\"elementor-widget-wrap\">\n\t\t\t\t\t\t<div class=\"elementor-element elementor-element-5b128f6 elementor-widget elementor-widget-spacer\" data-id=\"5b128f6\" data-element_type=\"widget\" data-widget_type=\"spacer.default\">\n\t\t\t\t<div class=\"elementor-widget-container\">\n\t\t\t\t\t<div class=\"elementor-spacer\">\n\t\t\t<div class=\"elementor-spacer-inner\"><\/div>\n\t\t<\/div>\n\t\t\t\t<\/div>\n\t\t\t\t<\/div>\n\t\t\t\t\t\t<\/div>\n\t\t\t\t\t<\/div>\n\t\t<\/div>\n\t\t\t\t\t\t\t\t<\/div>\n\t\t\t\t\t<\/div>\n\t\t<\/section>\n\t\t\t\t<section class=\"elementor-section elementor-top-section elementor-element elementor-element-25c1dd4 elementor-section-boxed elementor-section-height-default elementor-section-height-default\" data-id=\"25c1dd4\" data-element_type=\"section\">\n\t\t\t\t\t\t<div class=\"elementor-container elementor-column-gap-default\">\n\t\t\t\t\t\t\t<div class=\"elementor-row\">\n\t\t\t\t\t<div class=\"elementor-column elementor-col-100 elementor-top-column elementor-element elementor-element-04851f8\" data-id=\"04851f8\" data-element_type=\"column\">\n\t\t\t<div class=\"elementor-column-wrap elementor-element-populated\">\n\t\t\t\t\t\t\t<div class=\"elementor-widget-wrap\">\n\t\t\t\t\t\t<div class=\"elementor-element elementor-element-b88adff elementor-widget elementor-widget-heading\" data-id=\"b88adff\" data-element_type=\"widget\" data-widget_type=\"heading.default\">\n\t\t\t\t<div class=\"elementor-widget-container\">\n\t\t\t<h2 class=\"elementor-heading-title elementor-size-default\">Forschungsf\u00f6rderung - Innovation<\/h2>\t\t<\/div>\n\t\t\t\t<\/div>\n\t\t\t\t<div class=\"elementor-element elementor-element-43014ac elementor-widget elementor-widget-text-editor\" data-id=\"43014ac\" data-element_type=\"widget\" data-widget_type=\"text-editor.default\">\n\t\t\t\t<div class=\"elementor-widget-container\">\n\t\t\t\t\t\t\t\t<div class=\"elementor-text-editor elementor-clearfix\">\n\t\t\t\t<p>Als externer Kooperationspartner f\u00fcr Forschung und Entwicklung unterst\u00fctzen wir Sie beim F\u00f6rderantrag und der raschen technischen Umsetzung Ihrer Produktinnovation bis hin zur Markteinf\u00fchrung.<\/p>\n<p>Zur St\u00e4rkung der kleinen und mittelst\u00e4ndischen Unternehmen (KMU) in ihren Aktivit\u00e4ten im Bereich Forschung und Entwicklung bietet der Bund spezielle F\u00f6rderprogramme. Das \u201eZentrale Innovationsprogramm Mittelstand (ZIM)\u201c ist das Basisprogramm des BMWi f\u00fcr die marktorientierte Technologief\u00f6rderung des breiten Mittelstandes. Das ZIM ist ein bundesweites, technologie- und branchenoffenes F\u00f6rderprogramm.<\/p>\n<p>Antragsberechtigt sind kleine und mittelst\u00e4ndische Unternehmen (KMU) mit Gesch\u00e4ftsbetrieb in Deutschland, wenn sie einschlie\u00dflich verbundener oder Partnerunternehmen zum Zeitpunkt der Antragstellung weniger als 500 Mitarbeiter besch\u00e4ftigen und einen Jahresumsatz von unter 50 Mio. \u20ac erzielen.<em><\/em><\/p>\n<p><strong>Sie haben eine Idee zu einer technischen Innovation und wollen diese marktwirksam realisieren? <\/strong><strong>Dann sprechen Sie uns an!<\/strong><\/p>\n<p>ASF Simulation Ingenieurb\u00fcro Matthias D\u00f6rr ber\u00e4t Sie umfassend und qualifiziert zu F\u00f6rderm\u00f6glichkeiten und Antragstellung des ZIM-Programms und erarbeitet f\u00fcr Sie ein Realisierungskonzept, bei dem parallel zu Ihrer technischen Innovation Budget, Zeitplan und Personalplanung im Mittelpunkt stehen.<\/p>\t\t\t\t\t<\/div>\n\t\t\t\t\t\t<\/div>\n\t\t\t\t<\/div>\n\t\t\t\t<div class=\"elementor-element elementor-element-db1541c elementor-widget elementor-widget-image-gallery\" data-id=\"db1541c\" data-element_type=\"widget\" data-widget_type=\"image-gallery.default\">\n\t\t\t\t<div class=\"elementor-widget-container\">\n\t\t\t\t\t<div class=\"elementor-image-gallery\">\n\t\t\t<div id='gallery-1' class='gallery galleryid-306 gallery-columns-3 gallery-size-medium'><figure class='gallery-item'>\n\t\t\t<div class='gallery-icon landscape'>\n\t\t\t\t<a data-elementor-open-lightbox=\"yes\" data-elementor-lightbox-slideshow=\"db1541c\" data-elementor-lightbox-title=\"Forschung\" href='https:\/\/asf-simulation.de\/wp-content\/uploads\/2020\/02\/Forschung.png'><img loading=\"lazy\" decoding=\"async\" width=\"300\" height=\"164\" src=\"https:\/\/asf-simulation.de\/wp-content\/uploads\/2020\/02\/Forschung-300x164.png\" class=\"attachment-medium size-medium\" alt=\"\" srcset=\"https:\/\/asf-simulation.de\/wp-content\/uploads\/2020\/02\/Forschung-300x164.png 300w, https:\/\/asf-simulation.de\/wp-content\/uploads\/2020\/02\/Forschung.png 314w\" sizes=\"auto, (max-width: 300px) 100vw, 300px\" \/><\/a>\n\t\t\t<\/div><\/figure><figure class='gallery-item'>\n\t\t\t<div class='gallery-icon landscape'>\n\t\t\t\t<a data-elementor-open-lightbox=\"yes\" data-elementor-lightbox-slideshow=\"db1541c\" data-elementor-lightbox-title=\"Forschung2\" href='https:\/\/asf-simulation.de\/wp-content\/uploads\/2020\/02\/Forschung2.png'><img loading=\"lazy\" decoding=\"async\" width=\"300\" height=\"164\" src=\"https:\/\/asf-simulation.de\/wp-content\/uploads\/2020\/02\/Forschung2-300x164.png\" class=\"attachment-medium size-medium\" alt=\"\" srcset=\"https:\/\/asf-simulation.de\/wp-content\/uploads\/2020\/02\/Forschung2-300x164.png 300w, https:\/\/asf-simulation.de\/wp-content\/uploads\/2020\/02\/Forschung2.png 314w\" sizes=\"auto, (max-width: 300px) 100vw, 300px\" \/><\/a>\n\t\t\t<\/div><\/figure><figure class='gallery-item'>\n\t\t\t<div class='gallery-icon landscape'>\n\t\t\t\t<a data-elementor-open-lightbox=\"yes\" data-elementor-lightbox-slideshow=\"db1541c\" data-elementor-lightbox-title=\"Forschung\" href='https:\/\/asf-simulation.de\/wp-content\/uploads\/2020\/02\/Forschung.jpg'><img loading=\"lazy\" decoding=\"async\" width=\"271\" height=\"148\" src=\"https:\/\/asf-simulation.de\/wp-content\/uploads\/2020\/02\/Forschung.jpg\" class=\"attachment-medium size-medium\" alt=\"\" \/><\/a>\n\t\t\t<\/div><\/figure>\n\t\t<\/div>\n\t\t<\/div>\n\t\t\t\t<\/div>\n\t\t\t\t<\/div>\n\t\t\t\t<div class=\"elementor-element elementor-element-90ca421 elementor-widget elementor-widget-spacer\" data-id=\"90ca421\" data-element_type=\"widget\" data-widget_type=\"spacer.default\">\n\t\t\t\t<div class=\"elementor-widget-container\">\n\t\t\t\t\t<div class=\"elementor-spacer\">\n\t\t\t<div class=\"elementor-spacer-inner\"><\/div>\n\t\t<\/div>\n\t\t\t\t<\/div>\n\t\t\t\t<\/div>\n\t\t\t\t\t\t<\/div>\n\t\t\t\t\t<\/div>\n\t\t<\/div>\n\t\t\t\t\t\t\t\t<\/div>\n\t\t\t\t\t<\/div>\n\t\t<\/section>\n\t\t\t\t<section class=\"elementor-section elementor-top-section elementor-element elementor-element-74f1ad35 elementor-section-boxed elementor-section-height-default elementor-section-height-default\" data-id=\"74f1ad35\" data-element_type=\"section\" data-settings=\"{&quot;background_background&quot;:&quot;classic&quot;}\">\n\t\t\t\t\t\t<div class=\"elementor-container elementor-column-gap-default\">\n\t\t\t\t\t\t\t<div class=\"elementor-row\">\n\t\t\t\t\t<div class=\"elementor-column elementor-col-100 elementor-top-column elementor-element elementor-element-7ed66ea0\" data-id=\"7ed66ea0\" data-element_type=\"column\">\n\t\t\t<div class=\"elementor-column-wrap elementor-element-populated\">\n\t\t\t\t\t\t\t<div class=\"elementor-widget-wrap\">\n\t\t\t\t\t\t<div class=\"elementor-element elementor-element-1890eec7 elementor-widget elementor-widget-attesa-extra-navigation-menu\" data-id=\"1890eec7\" data-element_type=\"widget\" data-widget_type=\"attesa-extra-navigation-menu.default\">\n\t\t\t\t<div class=\"elementor-widget-container\">\n\t\t\t\t\t\t\t\t<div class=\"attesa-custom-menu\">\r\n\t\t\t\t<div class=\"mainHead\">\r\n\t\t\t\t\t<div class=\"subHead attesa-elementor-menu\">\r\n\t\t\t\t\t\t<button class=\"menu-toggle\" aria-controls=\"primary-menu\" aria-expanded=\"false\" aria-label=\"Menu\">Menu<i class=\"spaceLeft fas fa fa-bars\" aria-hidden=\"true\"><\/i><\/button>\r\n\t\t\t\t\t\t<div class=\"attesa-main-menu-container open_pushmenu\">\r\n\t\t\t\t\t\t\t<div class=\"attesa-close-pushmenu\"><i class=\"fa fa-times-circle-o spaceRight\" aria-hidden=\"true\"><\/i>Close Menu<\/div>\r\n\t\t\t\t\t\t\t<nav id=\"site-navigation\" class=\"main-navigation menustyle_minimal\" >\r\n\t\t\t\t\t\t\t\t<div class=\"menu-footer-menu-container\"><ul id=\"primary-menu\" class=\"menu\"><li id=\"menu-item-173\" class=\"menu-item menu-item-type-post_type menu-item-object-page menu-item-173\"><a href=\"https:\/\/asf-simulation.de\/?page_id=168\">Impressum<\/a><\/li>\n<li id=\"menu-item-172\" class=\"menu-item menu-item-type-post_type menu-item-object-page menu-item-172\"><a href=\"https:\/\/asf-simulation.de\/?page_id=167\">Datenschutz<\/a><\/li>\n<\/ul><\/div>\t\t\t\t\t\t\t<\/nav><!-- #site-navigation -->\r\n\t\t\t\t\t\t<\/div>\r\n\t\t\t\t\t<\/div>\r\n\t\t\t\t<\/div><!-- .mainHead -->\r\n\t\t\t\t\t\t\t<\/div>\r\n\t\t\t\t<\/div>\n\t\t\t\t<\/div>\n\t\t\t\t\t\t<\/div>\n\t\t\t\t\t<\/div>\n\t\t<\/div>\n\t\t\t\t\t\t\t\t<\/div>\n\t\t\t\t\t<\/div>\n\t\t<\/section>\n\t\t\t\t\t\t<\/div>\n\t\t\t\t\t\t<\/div>\n\t\t\t\t\t<\/div>\n\t\t","protected":false},"excerpt":{"rendered":"<p>Forschungsberatung Forschungsf\u00f6rderung &#8211; Innovation Als externer Kooperationspartner f\u00fcr Forschung und Entwicklung unterst\u00fctzen wir Sie beim F\u00f6rderantrag und der raschen technischen Umsetzung Ihrer Produktinnovation bis hin zur Markteinf\u00fchrung. Zur St\u00e4rkung der kleinen und mittelst\u00e4ndischen Unternehmen (KMU) in ihren Aktivit\u00e4ten im Bereich Forschung und Entwicklung bietet der Bund spezielle F\u00f6rderprogramme. Das \u201eZentrale Innovationsprogramm Mittelstand (ZIM)\u201c ist das&hellip;<\/p>\n","protected":false},"author":1,"featured_media":0,"parent":0,"menu_order":0,"comment_status":"closed","ping_status":"closed","template":"","meta":{"footnotes":""},"class_list":["post-306","page","type-page","status-publish","hentry"],"_links":{"self":[{"href":"https:\/\/asf-simulation.de\/index.php?rest_route=\/wp\/v2\/pages\/306","targetHints":{"allow":["GET"]}}],"collection":[{"href":"https:\/\/asf-simulation.de\/index.php?rest_route=\/wp\/v2\/pages"}],"about":[{"href":"https:\/\/asf-simulation.de\/index.php?rest_route=\/wp\/v2\/types\/page"}],"author":[{"embeddable":true,"href":"https:\/\/asf-simulation.de\/index.php?rest_route=\/wp\/v2\/users\/1"}],"replies":[{"embeddable":true,"href":"https:\/\/asf-simulation.de\/index.php?rest_route=%2Fwp%2Fv2%2Fcomments&post=306"}],"version-history":[{"count":28,"href":"https:\/\/asf-simulation.de\/index.php?rest_route=\/wp\/v2\/pages\/306\/revisions"}],"predecessor-version":[{"id":1245,"href":"https:\/\/asf-simulation.de\/index.php?rest_route=\/wp\/v2\/pages\/306\/revisions\/1245"}],"wp:attachment":[{"href":"https:\/\/asf-simulation.de\/index.php?rest_route=%2Fwp%2Fv2%2Fmedia&parent=306"}],"curies":[{"name":"wp","href":"https:\/\/api.w.org\/{rel}","templated":true}]}}